{"id":183,"date":"2024-11-20T13:20:16","date_gmt":"2024-11-20T12:20:16","guid":{"rendered":"https:\/\/www.huculvi.de\/branchenbuch\/?page_id=183"},"modified":"2024-11-20T13:23:17","modified_gmt":"2024-11-20T12:23:17","slug":"impressum","status":"publish","type":"page","link":"https:\/\/www.huculvi.de\/branchenbuch\/impressum\/","title":{"rendered":"Impressum"},"content":{"rendered":"\t\t<div data-elementor-type=\"wp-page\" data-elementor-id=\"183\" class=\"elementor elementor-183\">\n\t\t\t\t<div class=\"elementor-element elementor-element-e437e55 e-flex e-con-boxed e-con e-parent\" data-id=\"e437e55\" data-element_type=\"container\">\n\t\t\t\t\t<div class=\"e-con-inner\">\n\t\t\t\t<div class=\"elementor-element elementor-element-7a11671 elementor-widget elementor-widget-spacer\" data-id=\"7a11671\" data-element_type=\"widget\" data-widget_type=\"spacer.default\">\n\t\t\t\t<div class=\"elementor-widget-container\">\n\t\t\t\t\t\t\t<div class=\"elementor-spacer\">\n\t\t\t<div class=\"elementor-spacer-inner\"><\/div>\n\t\t<\/div>\n\t\t\t\t\t\t<\/div>\n\t\t\t\t<\/div>\n\t\t\t\t\t<\/div>\n\t\t\t\t<\/div>\n\t\t<div class=\"elementor-element elementor-element-2b8c5cf e-flex e-con-boxed e-con e-parent\" data-id=\"2b8c5cf\" data-element_type=\"container\">\n\t\t\t\t\t<div class=\"e-con-inner\">\n\t\t\t\t<div class=\"elementor-element elementor-element-4e163ca elementor-widget elementor-widget-heading\" data-id=\"4e163ca\" data-element_type=\"widget\" data-widget_type=\"heading.default\">\n\t\t\t\t<div class=\"elementor-widget-container\">\n\t\t\t\t\t<h2 class=\"elementor-heading-title elementor-size-default\">Impressum<\/h2>\t\t\t\t<\/div>\n\t\t\t\t<\/div>\n\t\t\t\t\t<\/div>\n\t\t\t\t<\/div>\n\t\t<div class=\"elementor-element elementor-element-a9cfd52 e-flex e-con-boxed e-con e-parent\" data-id=\"a9cfd52\" data-element_type=\"container\">\n\t\t\t\t\t<div class=\"e-con-inner\">\n\t\t\t\t<div class=\"elementor-element elementor-element-876592c elementor-widget elementor-widget-spacer\" data-id=\"876592c\" data-element_type=\"widget\" data-widget_type=\"spacer.default\">\n\t\t\t\t<div class=\"elementor-widget-container\">\n\t\t\t\t\t\t\t<div class=\"elementor-spacer\">\n\t\t\t<div class=\"elementor-spacer-inner\"><\/div>\n\t\t<\/div>\n\t\t\t\t\t\t<\/div>\n\t\t\t\t<\/div>\n\t\t\t\t\t<\/div>\n\t\t\t\t<\/div>\n\t\t<div class=\"elementor-element elementor-element-16deebb e-flex e-con-boxed e-con e-parent\" data-id=\"16deebb\" data-element_type=\"container\">\n\t\t\t\t\t<div class=\"e-con-inner\">\n\t\t\t\t<div class=\"elementor-element elementor-element-5088bd3 elementor-widget elementor-widget-text-editor\" data-id=\"5088bd3\" data-element_type=\"widget\" data-widget_type=\"text-editor.default\">\n\t\t\t\t<div class=\"elementor-widget-container\">\n\t\t\t\t\t\t\t\t\t<p><strong>Realisierung<\/strong><br \/>Konzept Immobilien GmbH, 32427 Minden<\/p><p><strong>Vertretungsberechtigter:<\/strong><br \/>GF Gerd Ksinsik<br \/>Hohenstaufenring 67<br \/>32427 Minden<br \/>Deutschland<strong>\u00a0<\/strong><\/p><p>Tel: 0571-21840<br \/>Fax: 0571-21850<br \/>E-Mail: <a href=\"mailto:info@konzept-minden.de\">info@konzept-minden.de<\/a><br \/>Internet: <a href=\"http:\/\/www.konzept-minden.de\" target=\"_blank\" rel=\"noopener\">http:\/\/www.konzept-minden.de<\/a><\/p><p><strong>Zust\u00e4ndige Aufsichtsbeh\u00f6rde ink. Adresse:<\/strong><br \/>Kreis Minden- L\u00fcbbecke, Portastr. 13, 32423 Minden<\/p><p><strong>Handelsregister-Eintrag: <\/strong><br \/>HRB 4701 Amtsgericht Bad Oeynhausen<\/p><p><strong>USt-ID-Nummer: <\/strong><br \/>33557394560<\/p><p><strong>Keine Abmahnung ohne vorherigen Kontakt (oder auch: \u00a7 8 Abs. 4 UWG)<\/strong><br \/>Sollte irgendwelcher Inhalt oder die designtechnische Gestaltung einzelner Seiten oder Teile dieses Onlineportals fremde Rechte Dritter oder gesetzliche Bestimmungen verletzen oder anderweitig in irgendeiner Form wettbewerbsrechtliche Probleme hervorbringen, so bitten wir um eine angemessene, ausreichend erl\u00e4uternde und schnelle Nachricht ohne Kostennote. Wir garantieren, dass die zu Recht beanstandeten Passagen oder Teile des Portals unverz\u00fcglich entfernt bzw. den rechtlichen Vorgaben umf\u00e4nglich angepasst werden, ohne dass von Ihrer Seite die Einschaltung eines Rechtsbeistandes erforderlich ist. Die zeitaufw\u00e4ndigere Einschaltung eines Anwaltes zur f\u00fcr den Diensteanbieter kostenpflichtigen Abmahnung entspricht nicht dessen wirklichen oder mutma\u00dflichen Willen.<\/p>\t\t\t\t\t\t\t\t<\/div>\n\t\t\t\t<\/div>\n\t\t\t\t\t<\/div>\n\t\t\t\t<\/div>\n\t\t\t\t<\/div>\n\t\t","protected":false},"excerpt":{"rendered":"<p>Impressum RealisierungKonzept Immobilien GmbH, 32427 Minden Vertretungsberechtigter:GF Gerd KsinsikHohenstaufenring 6732427 MindenDeutschland\u00a0 Tel: 0571-21840Fax: 0571-21850E-Mail: info@konzept-minden.deInternet: http:\/\/www.konzept-minden.de Zust\u00e4ndige Aufsichtsbeh\u00f6rde ink. Adresse:Kreis [&hellip;]<\/p>\n","protected":false},"author":1,"featured_media":0,"parent":0,"menu_order":0,"comment_status":"closed","ping_status":"closed","template":"","meta":{"site-sidebar-layout":"no-sidebar","site-content-layout":"","ast-site-content-layout":"full-width-container","site-content-style":"default","site-sidebar-style":"default","ast-global-header-display":"","ast-banner-title-visibility":"","ast-main-header-display":"","ast-hfb-above-header-display":"","ast-hfb-below-header-display":"","ast-hfb-mobile-header-display":"","site-post-title":"disabled","ast-breadcrumbs-content":"","ast-featured-img":"disabled","footer-sml-layout":"","theme-transparent-header-meta":"","adv-header-id-meta":"","stick-header-meta":"","header-above-stick-meta":"","header-main-stick-meta":"","header-below-stick-meta":"","astra-migrate-meta-layouts":"default","ast-page-background-enabled":"default","ast-page-background-meta":{"desktop":{"background-color":"var(--ast-global-color-4)","background-image":"","background-repeat":"repeat","background-position":"center center","background-size":"auto","background-attachment":"scroll","background-type":"","background-media":"","overlay-type":"","overlay-color":"","overlay-opacity":"","overlay-gradient":""},"tablet":{"background-color":"","background-image":"","background-repeat":"repeat","background-position":"center center","background-size":"auto","background-attachment":"scroll","background-type":"","background-media":"","overlay-type":"","overlay-color":"","overlay-opacity":"","overlay-gradient":""},"mobile":{"background-color":"","background-image":"","background-repeat":"repeat","background-position":"center center","background-size":"auto","background-attachment":"scroll","background-type":"","background-media":"","overlay-type":"","overlay-color":"","overlay-opacity":"","overlay-gradient":""}},"ast-content-background-meta":{"desktop":{"background-color":"var(--ast-global-color-5)","background-image":"","background-repeat":"repeat","background-position":"center center","background-size":"auto","background-attachment":"scroll","background-type":"","background-media":"","overlay-type":"","overlay-color":"","overlay-opacity":"","overlay-gradient":""},"tablet":{"background-color":"var(--ast-global-color-5)","background-image":"","background-repeat":"repeat","background-position":"center center","background-size":"auto","background-attachment":"scroll","background-type":"","background-media":"","overlay-type":"","overlay-color":"","overlay-opacity":"","overlay-gradient":""},"mobile":{"background-color":"var(--ast-global-color-5)","background-image":"","background-repeat":"repeat","background-position":"center center","background-size":"auto","background-attachment":"scroll","background-type":"","background-media":"","overlay-type":"","overlay-color":"","overlay-opacity":"","overlay-gradient":""}},"footnotes":""},"class_list":["post-183","page","type-page","status-publish","hentry"],"_links":{"self":[{"href":"https:\/\/www.huculvi.de\/branchenbuch\/wp-json\/wp\/v2\/pages\/183","targetHints":{"allow":["GET"]}}],"collection":[{"href":"https:\/\/www.huculvi.de\/branchenbuch\/wp-json\/wp\/v2\/pages"}],"about":[{"href":"https:\/\/www.huculvi.de\/branchenbuch\/wp-json\/wp\/v2\/types\/page"}],"author":[{"embeddable":true,"href":"https:\/\/www.huculvi.de\/branchenbuch\/wp-json\/wp\/v2\/users\/1"}],"replies":[{"embeddable":true,"href":"https:\/\/www.huculvi.de\/branchenbuch\/wp-json\/wp\/v2\/comments?post=183"}],"version-history":[{"count":4,"href":"https:\/\/www.huculvi.de\/branchenbuch\/wp-json\/wp\/v2\/pages\/183\/revisions"}],"predecessor-version":[{"id":187,"href":"https:\/\/www.huculvi.de\/branchenbuch\/wp-json\/wp\/v2\/pages\/183\/revisions\/187"}],"wp:attachment":[{"href":"https:\/\/www.huculvi.de\/branchenbuch\/wp-json\/wp\/v2\/media?parent=183"}],"curies":[{"name":"wp","href":"https:\/\/api.w.org\/{rel}","templated":true}]}}